{"id":15444,"date":"2024-07-30T17:28:22","date_gmt":"2024-07-30T17:28:22","guid":{"rendered":"https:\/\/www.tractoare-solis.ro\/?page_id=15444"},"modified":"2024-08-03T19:31:40","modified_gmt":"2024-08-03T19:31:40","slug":"recenzii","status":"publish","type":"page","link":"https:\/\/www.tractoare-solis.ro\/en\/recenzii\/","title":{"rendered":"Recenzii"},"content":{"rendered":"<div data-elementor-type=\"wp-page\" data-elementor-id=\"15444\" class=\"elementor elementor-15444\" data-elementor-post-type=\"page\">\n\t\t\t\t<div class=\"elementor-element elementor-element-b85f4e3 e-flex e-con-boxed e-con e-parent\" data-id=\"b85f4e3\" data-element_type=\"container\">\n\t\t\t\t\t<div class=\"e-con-inner\">\n\t\t<div class=\"elementor-element elementor-element-96ee347 e-con-full e-flex e-con e-child\" data-id=\"96ee347\" data-element_type=\"container\">\n\t\t\t\t<div class=\"elementor-element elementor-element-b24debb elementor-pagination-type-fraction elementor--star-style-star_unicode elementor-arrows-yes elementor-review--has-separator elementor-widget elementor-widget-reviews\" data-id=\"b24debb\" data-element_type=\"widget\" data-settings=\"{&quot;pagination&quot;:&quot;fraction&quot;,&quot;show_arrows&quot;:&quot;yes&quot;,&quot;speed&quot;:500,&quot;autoplay&quot;:&quot;yes&quot;,&quot;autoplay_speed&quot;:5000,&quot;loop&quot;:&quot;yes&quot;,&quot;pause_on_hover&quot;:&quot;yes&quot;,&quot;pause_on_interaction&quot;:&quot;yes&quot;,&quot;space_between&quot;:{&quot;unit&quot;:&quot;px&quot;,&quot;size&quot;:10,&quot;sizes&quot;:[]},&quot;space_between_tablet&quot;:{&quot;unit&quot;:&quot;px&quot;,&quot;size&quot;:10,&quot;sizes&quot;:[]},&quot;space_between_mobile&quot;:{&quot;unit&quot;:&quot;px&quot;,&quot;size&quot;:10,&quot;sizes&quot;:[]}}\" data-widget_type=\"reviews.default\">\n\t\t\t\t<div class=\"elementor-widget-container\">\n\t\t\t\t\t\t\t\t\t<div class=\"elementor-swiper\">\n\t\t\t\t\t<div class=\"elementor-main-swiper swiper\" role=\"region\" aria-roledescription=\"carousel\" aria-label=\"Slides\">\n\t\t\t\t<div class=\"swiper-wrapper\">\n\t\t\t\t\t\t\t\t\t\t\t<div class=\"swiper-slide\" role=\"group\" aria-roledescription=\"slide\">\n\t\t\t\t\t\t\t\t\t<div class=\"elementor-testimonial elementor-repeater-item-5521a19\">\n\t\t\t\t\t\t\t<div class=\"elementor-testimonial__header\">\n\t\t\t\t\t\t\t\t\t\t\t<div class=\"elementor-testimonial__image\">\n\t\t\t\t\t\t\t<img decoding=\"async\" src=\"https:\/\/www.tractoare-solis.ro\/wp-content\/uploads\/2024\/07\/Design-fara-titlu-2024-07-30T191007.555.png\" alt=\"Dan Popescu\">\n\t\t\t\t\t\t\t\t\t\t\t\t\t<\/div>\n\t\t\t\t\t\t\t\t\t\t<cite class=\"elementor-testimonial__cite\"><span class=\"elementor-testimonial__name\">Dan Popescu<\/span><div class=\"elementor-star-rating\"><i class=\"elementor-star-full\">&#9733;<\/i><i class=\"elementor-star-full\">&#9733;<\/i><i class=\"elementor-star-full\">&#9733;<\/i><i class=\"elementor-star-full\">&#9733;<\/i><i class=\"elementor-star-full\">&#9733;<\/i><\/div><\/cite>\t\t\t\t\t<div class=\"elementor-testimonial__icon elementor-icon elementor-icon-\" aria-label=\"Read More\"><\/div>\t\t\t\t<\/div>\n\t\t\t\t\t\t\t\t\t\t<div class=\"elementor-testimonial__content\">\n\t\t\t\t\t<div class=\"elementor-testimonial__text\">\n\t\t\t\t\t\t<!DOCTYPE html>\n<html lang=\"ro\">\n<head>\n    <meta charset=\"UTF-8\">\n    <meta name=\"viewport\" content=\"width=device-width, initial-scale=1.0\">\n    <title>Mesaj pentru Rural Plant<\/title>\n    <style>\n        .text-button {\n            background: none;\n            border: none;\n            color: inherit;\n            text-decoration: underline;\n            cursor: pointer;\n            padding: 0;\n            font: inherit;\n        }\n    <\/style>\n<\/head>\n<body>\n    <div>\n        <p>Tractor Solis 26cp 4WD fiabil, puternic, versatil ideal pentru ferma mic\u0103, livrat cu servicii integrate de garan\u021bie \u0219i service.<\/p>\n        <p>Mul\u021bumesc Rural Plant<\/p>\n    <\/div><br><br>\n<\/body>\n<\/html>\n\t\t\t\t\t<\/div>\n\t\t\t\t<\/div>\n\t\t\t\t\t<\/div>\n\t\t\t\t\t\t\t\t<\/div>\n\t\t\t\t\t\t\t\t\t<\/div>\n\t\t\t\t\t\t\t<\/div>\n\t\t\t\t<\/div>\n\t\t\t\t\t\t\t\t<\/div>\n\t\t\t\t<\/div>\n\t\t\t\t<\/div>\n\t\t<div class=\"elementor-element elementor-element-bb6e292 e-con-full e-flex e-con e-child\" data-id=\"bb6e292\" data-element_type=\"container\">\n\t\t\t\t<div class=\"elementor-element elementor-element-2ee561c elementor-pagination-type-fraction elementor--star-style-star_unicode elementor-arrows-yes elementor-review--has-separator elementor-widget elementor-widget-reviews\" data-id=\"2ee561c\" data-element_type=\"widget\" data-settings=\"{&quot;pagination&quot;:&quot;fraction&quot;,&quot;show_arrows&quot;:&quot;yes&quot;,&quot;speed&quot;:500,&quot;autoplay&quot;:&quot;yes&quot;,&quot;autoplay_speed&quot;:5000,&quot;loop&quot;:&quot;yes&quot;,&quot;pause_on_hover&quot;:&quot;yes&quot;,&quot;pause_on_interaction&quot;:&quot;yes&quot;,&quot;space_between&quot;:{&quot;unit&quot;:&quot;px&quot;,&quot;size&quot;:10,&quot;sizes&quot;:[]},&quot;space_between_tablet&quot;:{&quot;unit&quot;:&quot;px&quot;,&quot;size&quot;:10,&quot;sizes&quot;:[]},&quot;space_between_mobile&quot;:{&quot;unit&quot;:&quot;px&quot;,&quot;size&quot;:10,&quot;sizes&quot;:[]}}\" data-widget_type=\"reviews.default\">\n\t\t\t\t<div class=\"elementor-widget-container\">\n\t\t\t\t\t\t\t\t\t<div class=\"elementor-swiper\">\n\t\t\t\t\t<div class=\"elementor-main-swiper swiper\" role=\"region\" aria-roledescription=\"carousel\" aria-label=\"Slides\">\n\t\t\t\t<div class=\"swiper-wrapper\">\n\t\t\t\t\t\t\t\t\t\t\t<div class=\"swiper-slide\" role=\"group\" aria-roledescription=\"slide\">\n\t\t\t\t\t\t\t\t\t<div class=\"elementor-testimonial elementor-repeater-item-a2e9b6b\">\n\t\t\t\t\t\t\t<div class=\"elementor-testimonial__header\">\n\t\t\t\t\t\t\t\t\t\t\t<div class=\"elementor-testimonial__image\">\n\t\t\t\t\t\t\t<img decoding=\"async\" src=\"https:\/\/www.tractoare-solis.ro\/wp-content\/uploads\/2024\/07\/Design-fara-titlu-2024-07-30T191102.422.png\" alt=\"Claudiu Igret\">\n\t\t\t\t\t\t\t\t\t\t\t\t\t<\/div>\n\t\t\t\t\t\t\t\t\t\t<cite class=\"elementor-testimonial__cite\"><span class=\"elementor-testimonial__name\">Claudiu Igret<\/span><div class=\"elementor-star-rating\"><i class=\"elementor-star-full\">&#9733;<\/i><i class=\"elementor-star-full\">&#9733;<\/i><i class=\"elementor-star-full\">&#9733;<\/i><i class=\"elementor-star-full\">&#9733;<\/i><i class=\"elementor-star-full\">&#9733;<\/i><\/div><\/cite>\t\t\t\t\t<div class=\"elementor-testimonial__icon elementor-icon elementor-icon-\" aria-label=\"Read More\"><\/div>\t\t\t\t<\/div>\n\t\t\t\t\t\t\t\t\t\t<div class=\"elementor-testimonial__content\">\n\t\t\t\t\t<div class=\"elementor-testimonial__text\">\n\t\t\t\t\t\t<!DOCTYPE html>\n<html lang=\"ro\">\n<head>\n    <meta charset=\"UTF-8\">\n    <meta name=\"viewport\" content=\"width=device-width, initial-scale=1.0\">\n    <title>Mesaj pentru Rural Plant<\/title>\n    <style>\n        .text-button {\n            background: none;\n            border: none;\n            color: inherit;\n            text-decoration: underline;\n            cursor: pointer;\n            padding: 0;\n            font: inherit;\n        }\n    <\/style>\n<\/head>\n<body>\n    <div>\n        <p>De\u021bin un tractora\u0219 Solis 26 cp \"albastrica\" cum \u00eel numesc eu, sunt super mul\u021bumit de el. U\u0219or de manevrat, este ideal pentru gr\u0103dini. Volanul are un servo the best, av\u00e2nd \u0219i cupa care este un plus, consum mic la motorin\u0103. Per total, merit\u0103 to\u021bi banii.<\/p>\n        <p>Mul\u021bumesc Rural Plant<\/p>\n    <\/div>\n<\/body>\n<\/html>\n\t\t\t\t\t<\/div>\n\t\t\t\t<\/div>\n\t\t\t\t\t<\/div>\n\t\t\t\t\t\t\t\t<\/div>\n\t\t\t\t\t\t\t\t\t<\/div>\n\t\t\t\t\t\t\t<\/div>\n\t\t\t\t<\/div>\n\t\t\t\t\t\t\t\t<\/div>\n\t\t\t\t<\/div>\n\t\t\t\t<\/div>\n\t\t\t\t\t<\/div>\n\t\t\t\t<\/div>\n\t\t<div class=\"elementor-element elementor-element-1e4cf5c e-flex e-con-boxed e-con e-parent\" data-id=\"1e4cf5c\" data-element_type=\"container\">\n\t\t\t\t\t<div class=\"e-con-inner\">\n\t\t<div class=\"elementor-element elementor-element-b81bcd2 e-con-full e-flex e-con e-child\" data-id=\"b81bcd2\" data-element_type=\"container\">\n\t\t\t\t<div class=\"elementor-element elementor-element-ecbf089 elementor-pagination-type-fraction elementor--star-style-star_unicode elementor-arrows-yes elementor-review--has-separator elementor-widget elementor-widget-reviews\" data-id=\"ecbf089\" data-element_type=\"widget\" data-settings=\"{&quot;pagination&quot;:&quot;fraction&quot;,&quot;show_arrows&quot;:&quot;yes&quot;,&quot;speed&quot;:500,&quot;autoplay&quot;:&quot;yes&quot;,&quot;autoplay_speed&quot;:5000,&quot;loop&quot;:&quot;yes&quot;,&quot;pause_on_hover&quot;:&quot;yes&quot;,&quot;pause_on_interaction&quot;:&quot;yes&quot;,&quot;space_between&quot;:{&quot;unit&quot;:&quot;px&quot;,&quot;size&quot;:10,&quot;sizes&quot;:[]},&quot;space_between_tablet&quot;:{&quot;unit&quot;:&quot;px&quot;,&quot;size&quot;:10,&quot;sizes&quot;:[]},&quot;space_between_mobile&quot;:{&quot;unit&quot;:&quot;px&quot;,&quot;size&quot;:10,&quot;sizes&quot;:[]}}\" data-widget_type=\"reviews.default\">\n\t\t\t\t<div class=\"elementor-widget-container\">\n\t\t\t\t\t\t\t\t\t<div class=\"elementor-swiper\">\n\t\t\t\t\t<div class=\"elementor-main-swiper swiper\" role=\"region\" aria-roledescription=\"carousel\" aria-label=\"Slides\">\n\t\t\t\t<div class=\"swiper-wrapper\">\n\t\t\t\t\t\t\t\t\t\t\t<div class=\"swiper-slide\" role=\"group\" aria-roledescription=\"slide\">\n\t\t\t\t\t\t\t\t\t<div class=\"elementor-testimonial elementor-repeater-item-1e5d78a\">\n\t\t\t\t\t\t\t<div class=\"elementor-testimonial__header\">\n\t\t\t\t\t\t\t\t\t\t<cite class=\"elementor-testimonial__cite\"><span class=\"elementor-testimonial__name\">Claudiu Latchescu<\/span><div class=\"elementor-star-rating\"><i class=\"elementor-star-full\">&#9733;<\/i><i class=\"elementor-star-full\">&#9733;<\/i><i class=\"elementor-star-full\">&#9733;<\/i><i class=\"elementor-star-full\">&#9733;<\/i><i class=\"elementor-star-full\">&#9733;<\/i><\/div><\/cite>\t\t\t\t\t<div class=\"elementor-testimonial__icon elementor-icon elementor-icon-\" aria-label=\"Read More\"><\/div>\t\t\t\t<\/div>\n\t\t\t\t\t\t\t\t\t\t<div class=\"elementor-testimonial__content\">\n\t\t\t\t\t<div class=\"elementor-testimonial__text\">\n\t\t\t\t\t\t<!DOCTYPE html>\n<html lang=\"ro\">\n<head>\n    <meta charset=\"UTF-8\">\n    <meta name=\"viewport\" content=\"width=device-width, initial-scale=1.0\">\n    <title>Mesaj pentru Rural Plant<\/title>\n    <style>\n        .text-button {\n            background: none;\n            border: none;\n            color: inherit;\n            text-decoration: underline;\n            cursor: pointer;\n            padding: 0;\n            font: inherit;\n        }\n    <\/style>\n<\/head>\n<body>\n    <div>\n        <p>De\u021bin un tractor Solis 50 cu cabin\u0103 din prim\u0103vara anului 2023, fiind pe deplin mul\u021bumit de performan\u021bele \u0219i fiabilitatea acestuia. Un mare plus \u00eel reprezint\u0103 climatizarea, o necesitate pentru zilele toride de var\u0103 din vestul \u021b\u0103rii.<\/p>\n        <p>Mul\u021bumesc Rural Plant<\/p><br>\n    <\/div>\n<\/body>\n<\/html>\n\t\t\t\t\t<\/div>\n\t\t\t\t<\/div>\n\t\t\t\t\t<\/div>\n\t\t\t\t\t\t\t\t<\/div>\n\t\t\t\t\t\t\t\t\t<\/div>\n\t\t\t\t\t\t\t<\/div>\n\t\t\t\t<\/div>\n\t\t\t\t\t\t\t\t<\/div>\n\t\t\t\t<\/div>\n\t\t\t\t<\/div>\n\t\t<div class=\"elementor-element elementor-element-2c3514f e-con-full e-flex e-con e-child\" data-id=\"2c3514f\" data-element_type=\"container\">\n\t\t\t\t<div class=\"elementor-element elementor-element-efa38c5 elementor-pagination-type-fraction elementor--star-style-star_unicode elementor-arrows-yes elementor-review--has-separator elementor-widget elementor-widget-reviews\" data-id=\"efa38c5\" data-element_type=\"widget\" data-settings=\"{&quot;pagination&quot;:&quot;fraction&quot;,&quot;show_arrows&quot;:&quot;yes&quot;,&quot;speed&quot;:500,&quot;autoplay&quot;:&quot;yes&quot;,&quot;autoplay_speed&quot;:5000,&quot;loop&quot;:&quot;yes&quot;,&quot;pause_on_hover&quot;:&quot;yes&quot;,&quot;pause_on_interaction&quot;:&quot;yes&quot;,&quot;space_between&quot;:{&quot;unit&quot;:&quot;px&quot;,&quot;size&quot;:10,&quot;sizes&quot;:[]},&quot;space_between_tablet&quot;:{&quot;unit&quot;:&quot;px&quot;,&quot;size&quot;:10,&quot;sizes&quot;:[]},&quot;space_between_mobile&quot;:{&quot;unit&quot;:&quot;px&quot;,&quot;size&quot;:10,&quot;sizes&quot;:[]}}\" data-widget_type=\"reviews.default\">\n\t\t\t\t<div class=\"elementor-widget-container\">\n\t\t\t\t\t\t\t\t\t<div class=\"elementor-swiper\">\n\t\t\t\t\t<div class=\"elementor-main-swiper swiper\" role=\"region\" aria-roledescription=\"carousel\" aria-label=\"Slides\">\n\t\t\t\t<div class=\"swiper-wrapper\">\n\t\t\t\t\t\t\t\t\t\t\t<div class=\"swiper-slide\" role=\"group\" aria-roledescription=\"slide\">\n\t\t\t\t\t\t\t\t\t<div class=\"elementor-testimonial elementor-repeater-item-5db932d\">\n\t\t\t\t\t\t\t<div class=\"elementor-testimonial__header\">\n\t\t\t\t\t\t\t\t\t\t<cite class=\"elementor-testimonial__cite\"><span class=\"elementor-testimonial__name\">Petru Moatar<\/span><div class=\"elementor-star-rating\"><i class=\"elementor-star-full\">&#9733;<\/i><i class=\"elementor-star-full\">&#9733;<\/i><i class=\"elementor-star-full\">&#9733;<\/i><i class=\"elementor-star-full\">&#9733;<\/i><i class=\"elementor-star-full\">&#9733;<\/i><\/div><\/cite>\t\t\t\t\t<div class=\"elementor-testimonial__icon elementor-icon elementor-icon-\" aria-label=\"Read More\"><\/div>\t\t\t\t<\/div>\n\t\t\t\t\t\t\t\t\t\t<div class=\"elementor-testimonial__content\">\n\t\t\t\t\t<div class=\"elementor-testimonial__text\">\n\t\t\t\t\t\t<!DOCTYPE html>\n<html lang=\"ro\">\n<head>\n    <meta charset=\"UTF-8\">\n    <meta name=\"viewport\" content=\"width=device-width, initial-scale=1.0\">\n    <title>Mesaj pentru Rural Plant<\/title>\n    <style>\n        .text-button {\n            background: none;\n            border: none;\n            color: inherit;\n            text-decoration: underline;\n            cursor: pointer;\n            padding: 0;\n            font: inherit;\n        }\n    <\/style>\n<\/head>\n<body>\n    <div>\n        <p>Bun\u0103 ziua, m\u0103 numesc Petru Moatar \u0219i am cump\u0103rat un Solis 50 de la Rural Plant \u0219i sunt foarte mul\u021bumit de calitatea lui \u0219i a serviciului acordat pe perioada garan\u021biei. V\u0103 sf\u0103tuiesc s\u0103 achizi\u021biona\u021bi cu \u00eencredere utilaje de orice tip de la Rural Plant.<\/p>\n        <p>Cu stim\u0103,<\/p>\n        <p>P. Moatar<\/p>\n    <\/div>\n<\/body>\n<\/html>\n\t\t\t\t\t<\/div>\n\t\t\t\t<\/div>\n\t\t\t\t\t<\/div>\n\t\t\t\t\t\t\t\t<\/div>\n\t\t\t\t\t\t\t\t\t<\/div>\n\t\t\t\t\t\t\t<\/div>\n\t\t\t\t<\/div>\n\t\t\t\t\t\t\t\t<\/div>\n\t\t\t\t<\/div>\n\t\t\t\t<\/div>\n\t\t\t\t\t<\/div>\n\t\t\t\t<\/div>\n\t\t<div class=\"elementor-element elementor-element-85db9fa e-flex e-con-boxed e-con e-parent\" data-id=\"85db9fa\" data-element_type=\"container\">\n\t\t\t\t\t<div class=\"e-con-inner\">\n\t\t<div class=\"elementor-element elementor-element-5557935 e-con-full e-flex e-con e-child\" data-id=\"5557935\" data-element_type=\"container\">\n\t\t\t\t<div class=\"elementor-element elementor-element-aae698f elementor-pagination-type-fraction elementor--star-style-star_unicode elementor-arrows-yes elementor-review--has-separator elementor-widget elementor-widget-reviews\" data-id=\"aae698f\" data-element_type=\"widget\" data-settings=\"{&quot;pagination&quot;:&quot;fraction&quot;,&quot;show_arrows&quot;:&quot;yes&quot;,&quot;speed&quot;:500,&quot;autoplay&quot;:&quot;yes&quot;,&quot;autoplay_speed&quot;:5000,&quot;loop&quot;:&quot;yes&quot;,&quot;pause_on_hover&quot;:&quot;yes&quot;,&quot;pause_on_interaction&quot;:&quot;yes&quot;,&quot;space_between&quot;:{&quot;unit&quot;:&quot;px&quot;,&quot;size&quot;:10,&quot;sizes&quot;:[]},&quot;space_between_tablet&quot;:{&quot;unit&quot;:&quot;px&quot;,&quot;size&quot;:10,&quot;sizes&quot;:[]},&quot;space_between_mobile&quot;:{&quot;unit&quot;:&quot;px&quot;,&quot;size&quot;:10,&quot;sizes&quot;:[]}}\" data-widget_type=\"reviews.default\">\n\t\t\t\t<div class=\"elementor-widget-container\">\n\t\t\t\t\t\t\t\t\t<div class=\"elementor-swiper\">\n\t\t\t\t\t<div class=\"elementor-main-swiper swiper\" role=\"region\" aria-roledescription=\"carousel\" aria-label=\"Slides\">\n\t\t\t\t<div class=\"swiper-wrapper\">\n\t\t\t\t\t\t\t\t\t\t\t<div class=\"swiper-slide\" role=\"group\" aria-roledescription=\"slide\">\n\t\t\t\t\t\t\t\t\t<div class=\"elementor-testimonial elementor-repeater-item-095596f\">\n\t\t\t\t\t\t\t<div class=\"elementor-testimonial__header\">\n\t\t\t\t\t\t\t\t\t\t\t<div class=\"elementor-testimonial__image\">\n\t\t\t\t\t\t\t<img decoding=\"async\" src=\"https:\/\/www.tractoare-solis.ro\/wp-content\/uploads\/2024\/07\/Design-fara-titlu-2024-07-30T191354.474.png\" alt=\"Beg Danut Nicusor\">\n\t\t\t\t\t\t\t\t\t\t\t\t\t<\/div>\n\t\t\t\t\t\t\t\t\t\t<cite class=\"elementor-testimonial__cite\"><span class=\"elementor-testimonial__name\">Beg Danut Nicusor<\/span><div class=\"elementor-star-rating\"><i class=\"elementor-star-full\">&#9733;<\/i><i class=\"elementor-star-full\">&#9733;<\/i><i class=\"elementor-star-full\">&#9733;<\/i><i class=\"elementor-star-full\">&#9733;<\/i><i class=\"elementor-star-full\">&#9733;<\/i><\/div><\/cite>\t\t\t\t\t<div class=\"elementor-testimonial__icon elementor-icon elementor-icon-\" aria-label=\"Read More\"><\/div>\t\t\t\t<\/div>\n\t\t\t\t\t\t\t\t\t\t<div class=\"elementor-testimonial__content\">\n\t\t\t\t\t<div class=\"elementor-testimonial__text\">\n\t\t\t\t\t\t<!DOCTYPE html>\n<html lang=\"ro\">\n<head>\n    <meta charset=\"UTF-8\">\n    <meta name=\"viewport\" content=\"width=device-width, initial-scale=1.0\">\n    <title>Mesaj pentru Rural Plant<\/title>\n    <style>\n        .text-button {\n            background: none;\n            border: none;\n            color: inherit;\n            text-decoration: underline;\n            cursor: pointer;\n            padding: 0;\n            font: inherit;\n        }\n    <\/style>\n<\/head>\n<body>\n    <div>\n        <p>Am achizi\u021bionat un tractor Solis 90 de la Rural Plant \u0219i sunt foarte mul\u021bumit. Tractorul este puternic, fiabil \u0219i economic, perfect pentru toate nevoile mele agricole. Echipa Rural Plant a oferit servicii excelente, de la v\u00e2nzare p\u00e2n\u0103 la suportul post-v\u00e2nzare. <\/p><p>Recomand cu \u00eencredere!<\/p><br><br>\n    <\/div>\n<\/body>\n<\/html>\n\t\t\t\t\t<\/div>\n\t\t\t\t<\/div>\n\t\t\t\t\t<\/div>\n\t\t\t\t\t\t\t\t<\/div>\n\t\t\t\t\t\t\t\t\t<\/div>\n\t\t\t\t\t\t\t<\/div>\n\t\t\t\t<\/div>\n\t\t\t\t\t\t\t\t<\/div>\n\t\t\t\t<\/div>\n\t\t\t\t<\/div>\n\t\t<div class=\"elementor-element elementor-element-ba58f48 e-con-full e-flex e-con e-child\" data-id=\"ba58f48\" data-element_type=\"container\">\n\t\t\t\t<div class=\"elementor-element elementor-element-cf9185b elementor-pagination-type-fraction elementor--star-style-star_unicode elementor-arrows-yes elementor-review--has-separator elementor-widget elementor-widget-reviews\" data-id=\"cf9185b\" data-element_type=\"widget\" data-settings=\"{&quot;pagination&quot;:&quot;fraction&quot;,&quot;show_arrows&quot;:&quot;yes&quot;,&quot;speed&quot;:500,&quot;autoplay&quot;:&quot;yes&quot;,&quot;autoplay_speed&quot;:5000,&quot;loop&quot;:&quot;yes&quot;,&quot;pause_on_hover&quot;:&quot;yes&quot;,&quot;pause_on_interaction&quot;:&quot;yes&quot;,&quot;space_between&quot;:{&quot;unit&quot;:&quot;px&quot;,&quot;size&quot;:10,&quot;sizes&quot;:[]},&quot;space_between_tablet&quot;:{&quot;unit&quot;:&quot;px&quot;,&quot;size&quot;:10,&quot;sizes&quot;:[]},&quot;space_between_mobile&quot;:{&quot;unit&quot;:&quot;px&quot;,&quot;size&quot;:10,&quot;sizes&quot;:[]}}\" data-widget_type=\"reviews.default\">\n\t\t\t\t<div class=\"elementor-widget-container\">\n\t\t\t\t\t\t\t\t\t<div class=\"elementor-swiper\">\n\t\t\t\t\t<div class=\"elementor-main-swiper swiper\" role=\"region\" aria-roledescription=\"carousel\" aria-label=\"Slides\">\n\t\t\t\t<div class=\"swiper-wrapper\">\n\t\t\t\t\t\t\t\t\t\t\t<div class=\"swiper-slide\" role=\"group\" aria-roledescription=\"slide\">\n\t\t\t\t\t\t\t\t\t<div class=\"elementor-testimonial elementor-repeater-item-b9ed9f9\">\n\t\t\t\t\t\t\t<div class=\"elementor-testimonial__header\">\n\t\t\t\t\t\t\t\t\t\t\t<div class=\"elementor-testimonial__image\">\n\t\t\t\t\t\t\t<img decoding=\"async\" src=\"https:\/\/www.tractoare-solis.ro\/wp-content\/uploads\/2024\/07\/Design-fara-titlu-2024-07-30T191224.236.png\" alt=\"Marius\u00a0Muscariu\">\n\t\t\t\t\t\t\t\t\t\t\t\t\t<\/div>\n\t\t\t\t\t\t\t\t\t\t<cite class=\"elementor-testimonial__cite\"><span class=\"elementor-testimonial__name\">Marius\u00a0Muscariu<\/span><div class=\"elementor-star-rating\"><i class=\"elementor-star-full\">&#9733;<\/i><i class=\"elementor-star-full\">&#9733;<\/i><i class=\"elementor-star-full\">&#9733;<\/i><i class=\"elementor-star-full\">&#9733;<\/i><i class=\"elementor-star-full\">&#9733;<\/i><\/div><\/cite>\t\t\t\t\t<div class=\"elementor-testimonial__icon elementor-icon elementor-icon-\" aria-label=\"Read More\"><\/div>\t\t\t\t<\/div>\n\t\t\t\t\t\t\t\t\t\t<div class=\"elementor-testimonial__content\">\n\t\t\t\t\t<div class=\"elementor-testimonial__text\">\n\t\t\t\t\t\t<!DOCTYPE html>\n<html lang=\"ro\">\n<head>\n    <meta charset=\"UTF-8\">\n    <meta name=\"viewport\" content=\"width=device-width, initial-scale=1.0\">\n    <title>Mesaj pentru Rural Plant<\/title>\n    <style>\n        .more-content {\n            display: none;\n        }\n        .show-less {\n            display: none;\n        }\n        .text-button {\n            background: none;\n            border: none;\n            color: inherit;\n            text-decoration: underline;\n            cursor: pointer;\n            padding: 0;\n            font: inherit;\n        }\n        .text-button:hover, .text-button:focus, .text-button:active {\n            text-decoration: underline;\n            background: none;\n            border: none;\n            color: inherit;\n            cursor: pointer;\n        }\n    <\/style>\n    <script>\n        function showMore() {\n            document.getElementById('more-content').style.display = 'block';\n            document.getElementById('show-more-button').style.display = 'none';\n            document.getElementById('show-less-button').style.display = 'inline';\n        }\n\n        function showLess() {\n            document.getElementById('more-content').style.display = 'none';\n            document.getElementById('show-more-button').style.display = 'inline';\n            document.getElementById('show-less-button').style.display = 'none';\n        }\n    <\/script>\n<\/head>\n<body>\n    <div>\n        <p>Draga Rural Plant, vreau s\u0103-\u021bi spun c\u00e2teva cuvinte despre tine ca magazin \u0219i despre tine tractorul Solis 26cp, ce e\u0219ti v\u00e2ndut de ace\u0219ti oamenii minuna\u021bi!<\/p>\n        <p>\u00cen primul r\u00e2nd vreau s\u0103 \u00eencep cu mul\u021bumiri pentru omul din spatele acestui magazin, Marcel, un om minunat, cu bun\u0103tate \u0219i mult\u0103 determinarea, h\u0103rnicie, familist, si devotat.<\/p>\n        <div id=\"more-content\" class=\"more-content\">\n            <p>Jos p\u0103l\u0103ria!<\/p>\n            <p>Apoi celor care fac parte din aceast\u0103 familie Rural Plant, sunte\u021bi cu adev\u0103rat o familie, din putina interac\u021biune, mi-am dat seama c\u0103 sunte\u021bi devota\u021bi lui Marcel, si asta da dovada de ce om este \u0219i ce poate!<\/p>\n            <p>Sunte\u021bi minuna\u021bi, m\u0103 bucur c\u0103 interac\u021bionez cu voi!<\/p>\n            <p>Despre tractorul Solis 26cp, ce pot s\u0103 spun.... minunat, o juc\u0103rie \u00een miniatur\u0103, un fel de copil al familie \u0219i pentru familie, \u00eemi fac treaba cu el cum nici nu m\u0103 g\u00e2ndeam, foarte practic, util, fiabil, aspectuos, dr\u0103g\u0103la\u0219, cu un consum... ui\u021bi s\u0103 alimentezi!<\/p>\n            <p>Sincer nici nu prea am avut timp s\u0103-l conduc cum trebuie \u00een aceast\u0103 jum\u0103tate de an de c\u00e2nd l-am achizi\u021bionat, deoarece este o \u00eentreaga b\u0103t\u0103lie pe el, \u00eentre ficamea \u0219i nepo\u021bii mei, cine s\u0103-l conduc\u0103!<\/p>\n            <p>Pentru o familie cum este Rural Plant, acest tractor este elementul perfect s\u0103 poat\u0103 crea o armonie frumoas\u0103 \u00eentre client \u0219i v\u00e2nz\u0103tor!<\/p>\n            <p>Cu stima \u0219i respect,<\/p>\n            <p>Mul\u021bumesc Rural Plant<\/p>\n        <\/div>\n        <button id=\"show-more-button\" class=\"text-button\" onclick=\"showMore()\">Cite\u0219te mai multe...<\/button>\n        <button id=\"show-less-button\" class=\"text-button show-less\" onclick=\"showLess()\">Cite\u0219te mai pu\u021bin...<\/button>\n    <\/div>\n<\/body>\n<\/html>\n\t\t\t\t\t<\/div>\n\t\t\t\t<\/div>\n\t\t\t\t\t<\/div>\n\t\t\t\t\t\t\t\t<\/div>\n\t\t\t\t\t\t\t\t\t<\/div>\n\t\t\t\t\t\t\t<\/div>\n\t\t\t\t<\/div>\n\t\t\t\t\t\t\t\t<\/div>\n\t\t\t\t<\/div>\n\t\t\t\t<\/div>\n\t\t\t\t\t<\/div>\n\t\t\t\t<\/div>\n\t\t\t\t<\/div>","protected":false},"excerpt":{"rendered":"<p>Dan Popescu&#9733;&#9733;&#9733;&#9733;&#9733; Read More Mesaj pentru Rural Plant Tractor Solis 26cp 4WD fiabil, puternic, versatil ideal pentru ferma mic\u0103, livrat cu servicii integrate de garan\u021bie \u0219i service. Mul\u021bumesc Rural Plant Claudiu Igret&#9733;&#9733;&#9733;&#9733;&#9733; Read More Mesaj pentru Rural Plant De\u021bin un tractora\u0219 Solis 26 cp &#8222;albastrica&#8221; cum \u00eel numesc eu, sunt<\/p>","protected":false},"author":1,"featured_media":0,"parent":0,"menu_order":0,"comment_status":"closed","ping_status":"closed","template":"","meta":{"inline_featured_image":false,"footnotes":""},"class_list":["post-15444","page","type-page","status-publish","hentry"],"jetpack_sharing_enabled":true,"_links":{"self":[{"href":"https:\/\/www.tractoare-solis.ro\/en\/wp-json\/wp\/v2\/pages\/15444","targetHints":{"allow":["GET"]}}],"collection":[{"href":"https:\/\/www.tractoare-solis.ro\/en\/wp-json\/wp\/v2\/pages"}],"about":[{"href":"https:\/\/www.tractoare-solis.ro\/en\/wp-json\/wp\/v2\/types\/page"}],"author":[{"embeddable":true,"href":"https:\/\/www.tractoare-solis.ro\/en\/wp-json\/wp\/v2\/users\/1"}],"replies":[{"embeddable":true,"href":"https:\/\/www.tractoare-solis.ro\/en\/wp-json\/wp\/v2\/comments?post=15444"}],"version-history":[{"count":0,"href":"https:\/\/www.tractoare-solis.ro\/en\/wp-json\/wp\/v2\/pages\/15444\/revisions"}],"wp:attachment":[{"href":"https:\/\/www.tractoare-solis.ro\/en\/wp-json\/wp\/v2\/media?parent=15444"}],"curies":[{"name":"wp","href":"https:\/\/api.w.org\/{rel}","templated":true}]}}