{"id":15678,"date":"2024-08-04T05:58:36","date_gmt":"2024-08-04T05:58:36","guid":{"rendered":"https:\/\/www.tractoare-solis.ro\/?page_id=15678"},"modified":"2024-08-04T06:00:43","modified_gmt":"2024-08-04T06:00:43","slug":"gama-mare","status":"publish","type":"page","link":"https:\/\/www.tractoare-solis.ro\/en\/gama-mare\/","title":{"rendered":"Gam\u0103 mare"},"content":{"rendered":"<div data-elementor-type=\"wp-page\" data-elementor-id=\"15678\" class=\"elementor elementor-15678\" data-elementor-post-type=\"page\">\n\t\t\t\t<div class=\"elementor-element elementor-element-7af848d e-con-full elementor-hidden-tablet elementor-hidden-mobile e-flex e-con e-parent\" data-id=\"7af848d\" data-element_type=\"container\">\n\t\t<div class=\"elementor-element elementor-element-42f652f e-con-full e-flex e-con e-child\" data-id=\"42f652f\" data-element_type=\"container\" data-settings=\"{&quot;background_background&quot;:&quot;classic&quot;}\">\n\t\t\t\t<div class=\"elementor-element elementor-element-515c17d elementor-position-top elementor-widget elementor-widget-image-box\" data-id=\"515c17d\" data-element_type=\"widget\" data-widget_type=\"image-box.default\">\n\t\t\t\t<div class=\"elementor-widget-container\">\n\t\t\t\t\t<div class=\"elementor-image-box-wrapper\"><figure class=\"elementor-image-box-img\"><a href=\"https:\/\/www.tractoare-solis.ro\/tractor\/tractor-solis-50-fara-cabina\/\" tabindex=\"-1\"><img fetchpriority=\"high\" decoding=\"async\" width=\"612\" height=\"408\" src=\"https:\/\/www.tractoare-solis.ro\/wp-content\/uploads\/2024\/08\/solis-50-euro5-traktor-26__1_-removebg-preview.png\" class=\"attachment-full size-full wp-image-15642\" alt=\"\" srcset=\"https:\/\/www.tractoare-solis.ro\/wp-content\/uploads\/2024\/08\/solis-50-euro5-traktor-26__1_-removebg-preview.png 612w, https:\/\/www.tractoare-solis.ro\/wp-content\/uploads\/2024\/08\/solis-50-euro5-traktor-26__1_-removebg-preview-300x200.png 300w, https:\/\/www.tractoare-solis.ro\/wp-content\/uploads\/2024\/08\/solis-50-euro5-traktor-26__1_-removebg-preview-18x12.png 18w, https:\/\/www.tractoare-solis.ro\/wp-content\/uploads\/2024\/08\/solis-50-euro5-traktor-26__1_-removebg-preview-600x400.png 600w\" sizes=\"(max-width: 612px) 100vw, 612px\" \/><\/a><\/figure><div class=\"elementor-image-box-content\"><h3 class=\"elementor-image-box-title\"><a href=\"https:\/\/www.tractoare-solis.ro\/tractor\/tractor-solis-50-fara-cabina\/\">Tractor Solis 50<\/a><\/h3><p class=\"elementor-image-box-description\">F\u0102R\u0102 CABIN\u0102<\/p><\/div><\/div>\t\t\t\t<\/div>\n\t\t\t\t<\/div>\n\t\t\t\t<\/div>\n\t\t<div class=\"elementor-element elementor-element-35cc224 e-con-full e-flex e-con e-child\" data-id=\"35cc224\" data-element_type=\"container\" data-settings=\"{&quot;background_background&quot;:&quot;classic&quot;}\">\n\t\t\t\t<div class=\"elementor-element elementor-element-4245864 elementor-position-top elementor-widget elementor-widget-image-box\" data-id=\"4245864\" data-element_type=\"widget\" data-widget_type=\"image-box.default\">\n\t\t\t\t<div class=\"elementor-widget-container\">\n\t\t\t\t\t<div class=\"elementor-image-box-wrapper\"><figure class=\"elementor-image-box-img\"><a href=\"https:\/\/www.tractoare-solis.ro\/tractor\/tractor-solis-50-cu-cabina\/\" tabindex=\"-1\"><img decoding=\"async\" width=\"800\" height=\"800\" src=\"https:\/\/www.tractoare-solis.ro\/wp-content\/uploads\/2024\/07\/tractor-solis-s50-cab-white-bg.webp\" class=\"attachment-full size-full wp-image-15273\" alt=\"\" srcset=\"https:\/\/www.tractoare-solis.ro\/wp-content\/uploads\/2024\/07\/tractor-solis-s50-cab-white-bg.webp 800w, https:\/\/www.tractoare-solis.ro\/wp-content\/uploads\/2024\/07\/tractor-solis-s50-cab-white-bg-300x300.webp 300w, https:\/\/www.tractoare-solis.ro\/wp-content\/uploads\/2024\/07\/tractor-solis-s50-cab-white-bg-150x150.webp 150w, https:\/\/www.tractoare-solis.ro\/wp-content\/uploads\/2024\/07\/tractor-solis-s50-cab-white-bg-768x768.webp 768w, https:\/\/www.tractoare-solis.ro\/wp-content\/uploads\/2024\/07\/tractor-solis-s50-cab-white-bg-370x370.webp 370w, https:\/\/www.tractoare-solis.ro\/wp-content\/uploads\/2024\/07\/tractor-solis-s50-cab-white-bg-60x60.webp 60w, https:\/\/www.tractoare-solis.ro\/wp-content\/uploads\/2024\/07\/tractor-solis-s50-cab-white-bg-600x600.webp 600w, https:\/\/www.tractoare-solis.ro\/wp-content\/uploads\/2024\/07\/tractor-solis-s50-cab-white-bg-100x100.webp 100w\" sizes=\"(max-width: 800px) 100vw, 800px\" \/><\/a><\/figure><div class=\"elementor-image-box-content\"><h3 class=\"elementor-image-box-title\"><a href=\"https:\/\/www.tractoare-solis.ro\/tractor\/tractor-solis-50-cu-cabina\/\">Tractor Solis 50<\/a><\/h3><p class=\"elementor-image-box-description\">CU CABIN\u0102<\/p><\/div><\/div>\t\t\t\t<\/div>\n\t\t\t\t<\/div>\n\t\t\t\t<\/div>\n\t\t<div class=\"elementor-element elementor-element-1d0c680 e-con-full e-flex e-con e-child\" data-id=\"1d0c680\" data-element_type=\"container\" data-settings=\"{&quot;background_background&quot;:&quot;classic&quot;}\">\n\t\t\t\t<div class=\"elementor-element elementor-element-fe1f31d elementor-widget__width-initial elementor-position-top elementor-widget elementor-widget-image-box\" data-id=\"fe1f31d\" data-element_type=\"widget\" data-widget_type=\"image-box.default\">\n\t\t\t\t<div class=\"elementor-widget-container\">\n\t\t\t\t\t<div class=\"elementor-image-box-wrapper\"><figure class=\"elementor-image-box-img\"><a href=\"https:\/\/www.tractoare-solis.ro\/tractor\/tractor-solis-60-crdi\/\" tabindex=\"-1\"><img decoding=\"async\" width=\"612\" height=\"408\" src=\"https:\/\/www.tractoare-solis.ro\/wp-content\/uploads\/2024\/08\/solis-60V-traktor-02-1__1_-removebg-preview.png\" class=\"attachment-full size-full wp-image-15643\" alt=\"\" srcset=\"https:\/\/www.tractoare-solis.ro\/wp-content\/uploads\/2024\/08\/solis-60V-traktor-02-1__1_-removebg-preview.png 612w, https:\/\/www.tractoare-solis.ro\/wp-content\/uploads\/2024\/08\/solis-60V-traktor-02-1__1_-removebg-preview-300x200.png 300w, https:\/\/www.tractoare-solis.ro\/wp-content\/uploads\/2024\/08\/solis-60V-traktor-02-1__1_-removebg-preview-18x12.png 18w, https:\/\/www.tractoare-solis.ro\/wp-content\/uploads\/2024\/08\/solis-60V-traktor-02-1__1_-removebg-preview-600x400.png 600w\" sizes=\"(max-width: 612px) 100vw, 612px\" \/><\/a><\/figure><div class=\"elementor-image-box-content\"><h3 class=\"elementor-image-box-title\"><a href=\"https:\/\/www.tractoare-solis.ro\/tractor\/tractor-solis-60-crdi\/\">Tractor Solis 60<\/a><\/h3><p class=\"elementor-image-box-description\">CU CABIN\u0102<\/p><\/div><\/div>\t\t\t\t<\/div>\n\t\t\t\t<\/div>\n\t\t\t\t<\/div>\n\t\t\t\t<\/div>\n\t\t<div class=\"elementor-element elementor-element-c5076a8 e-con-full elementor-hidden-tablet elementor-hidden-mobile e-flex e-con e-parent\" data-id=\"c5076a8\" data-element_type=\"container\">\n\t\t<div class=\"elementor-element elementor-element-976421d e-con-full e-flex e-con e-child\" data-id=\"976421d\" data-element_type=\"container\" data-settings=\"{&quot;background_background&quot;:&quot;classic&quot;}\">\n\t\t\t\t<div class=\"elementor-element elementor-element-6491f0d elementor-position-top elementor-widget elementor-widget-image-box\" data-id=\"6491f0d\" data-element_type=\"widget\" data-widget_type=\"image-box.default\">\n\t\t\t\t<div class=\"elementor-widget-container\">\n\t\t\t\t\t<div class=\"elementor-image-box-wrapper\"><figure class=\"elementor-image-box-img\"><a href=\"https:\/\/www.tractoare-solis.ro\/tractor\/tractor-solis-60-fara-cabina\/\" tabindex=\"-1\"><img loading=\"lazy\" decoding=\"async\" width=\"1024\" height=\"1024\" src=\"https:\/\/www.tractoare-solis.ro\/wp-content\/uploads\/2024\/08\/s-60-m.png\" class=\"attachment-full size-full wp-image-15583\" alt=\"\" srcset=\"https:\/\/www.tractoare-solis.ro\/wp-content\/uploads\/2024\/08\/s-60-m.png 1024w, https:\/\/www.tractoare-solis.ro\/wp-content\/uploads\/2024\/08\/s-60-m-300x300.png 300w, https:\/\/www.tractoare-solis.ro\/wp-content\/uploads\/2024\/08\/s-60-m-150x150.png 150w, https:\/\/www.tractoare-solis.ro\/wp-content\/uploads\/2024\/08\/s-60-m-768x768.png 768w, https:\/\/www.tractoare-solis.ro\/wp-content\/uploads\/2024\/08\/s-60-m-370x370.png 370w, https:\/\/www.tractoare-solis.ro\/wp-content\/uploads\/2024\/08\/s-60-m-60x60.png 60w, https:\/\/www.tractoare-solis.ro\/wp-content\/uploads\/2024\/08\/s-60-m-600x600.png 600w, https:\/\/www.tractoare-solis.ro\/wp-content\/uploads\/2024\/08\/s-60-m-100x100.png 100w\" sizes=\"(max-width: 1024px) 100vw, 1024px\" \/><\/a><\/figure><div class=\"elementor-image-box-content\"><h3 class=\"elementor-image-box-title\"><a href=\"https:\/\/www.tractoare-solis.ro\/tractor\/tractor-solis-60-fara-cabina\/\">Tractor Solis 60<\/a><\/h3><p class=\"elementor-image-box-description\">F\u0102R\u0102 CABIN\u0102<\/p><\/div><\/div>\t\t\t\t<\/div>\n\t\t\t\t<\/div>\n\t\t\t\t<\/div>\n\t\t<div class=\"elementor-element elementor-element-862710e e-con-full e-flex e-con e-child\" data-id=\"862710e\" data-element_type=\"container\" data-settings=\"{&quot;background_background&quot;:&quot;classic&quot;}\">\n\t\t\t\t<div class=\"elementor-element elementor-element-696aa31 elementor-position-top elementor-widget elementor-widget-image-box\" data-id=\"696aa31\" data-element_type=\"widget\" data-widget_type=\"image-box.default\">\n\t\t\t\t<div class=\"elementor-widget-container\">\n\t\t\t\t\t<div class=\"elementor-image-box-wrapper\"><figure class=\"elementor-image-box-img\"><a href=\"https:\/\/www.tractoare-solis.ro\/tractor\/tractor-solis-75-crdi\/\" tabindex=\"-1\"><img loading=\"lazy\" decoding=\"async\" width=\"612\" height=\"408\" src=\"https:\/\/www.tractoare-solis.ro\/wp-content\/uploads\/2024\/08\/solis-75V-Kabine-traktor-02__1_-removebg-preview.png\" class=\"attachment-full size-full wp-image-15648\" alt=\"\" srcset=\"https:\/\/www.tractoare-solis.ro\/wp-content\/uploads\/2024\/08\/solis-75V-Kabine-traktor-02__1_-removebg-preview.png 612w, https:\/\/www.tractoare-solis.ro\/wp-content\/uploads\/2024\/08\/solis-75V-Kabine-traktor-02__1_-removebg-preview-300x200.png 300w, https:\/\/www.tractoare-solis.ro\/wp-content\/uploads\/2024\/08\/solis-75V-Kabine-traktor-02__1_-removebg-preview-18x12.png 18w, https:\/\/www.tractoare-solis.ro\/wp-content\/uploads\/2024\/08\/solis-75V-Kabine-traktor-02__1_-removebg-preview-600x400.png 600w\" sizes=\"(max-width: 612px) 100vw, 612px\" \/><\/a><\/figure><div class=\"elementor-image-box-content\"><h3 class=\"elementor-image-box-title\"><a href=\"https:\/\/www.tractoare-solis.ro\/tractor\/tractor-solis-75-crdi\/\">Tractor Solis 75<\/a><\/h3><\/div><\/div>\t\t\t\t<\/div>\n\t\t\t\t<\/div>\n\t\t\t\t<\/div>\n\t\t<div class=\"elementor-element elementor-element-06ea9bf e-con-full e-flex e-con e-child\" data-id=\"06ea9bf\" data-element_type=\"container\" data-settings=\"{&quot;background_background&quot;:&quot;classic&quot;}\">\n\t\t\t\t<div class=\"elementor-element elementor-element-6d4592d elementor-widget__width-initial elementor-position-top elementor-widget elementor-widget-image-box\" data-id=\"6d4592d\" data-element_type=\"widget\" data-widget_type=\"image-box.default\">\n\t\t\t\t<div class=\"elementor-widget-container\">\n\t\t\t\t\t<div class=\"elementor-image-box-wrapper\"><figure class=\"elementor-image-box-img\"><a href=\"https:\/\/www.tractoare-solis.ro\/tractor\/tractor-solis-90-crdi\/\" tabindex=\"-1\"><img loading=\"lazy\" decoding=\"async\" width=\"1024\" height=\"1024\" src=\"https:\/\/www.tractoare-solis.ro\/wp-content\/uploads\/2024\/07\/S-90_3-min-2.png\" class=\"attachment-full size-full wp-image-15259\" alt=\"\" srcset=\"https:\/\/www.tractoare-solis.ro\/wp-content\/uploads\/2024\/07\/S-90_3-min-2.png 1024w, https:\/\/www.tractoare-solis.ro\/wp-content\/uploads\/2024\/07\/S-90_3-min-2-300x300.png 300w, https:\/\/www.tractoare-solis.ro\/wp-content\/uploads\/2024\/07\/S-90_3-min-2-150x150.png 150w, https:\/\/www.tractoare-solis.ro\/wp-content\/uploads\/2024\/07\/S-90_3-min-2-768x768.png 768w, https:\/\/www.tractoare-solis.ro\/wp-content\/uploads\/2024\/07\/S-90_3-min-2-370x370.png 370w, https:\/\/www.tractoare-solis.ro\/wp-content\/uploads\/2024\/07\/S-90_3-min-2-60x60.png 60w, https:\/\/www.tractoare-solis.ro\/wp-content\/uploads\/2024\/07\/S-90_3-min-2-600x600.png 600w, https:\/\/www.tractoare-solis.ro\/wp-content\/uploads\/2024\/07\/S-90_3-min-2-100x100.png 100w\" sizes=\"(max-width: 1024px) 100vw, 1024px\" \/><\/a><\/figure><div class=\"elementor-image-box-content\"><h3 class=\"elementor-image-box-title\"><a href=\"https:\/\/www.tractoare-solis.ro\/tractor\/tractor-solis-90-crdi\/\">Tractor Solis 90<\/a><\/h3><\/div><\/div>\t\t\t\t<\/div>\n\t\t\t\t<\/div>\n\t\t\t\t<\/div>\n\t\t\t\t<\/div>\n\t\t<div class=\"elementor-element elementor-element-df38c8e e-con-full e-grid elementor-hidden-desktop e-con e-parent\" data-id=\"df38c8e\" data-element_type=\"container\">\n\t\t<div class=\"elementor-element elementor-element-dccbe5f e-con-full e-flex e-con e-child\" data-id=\"dccbe5f\" data-element_type=\"container\" data-settings=\"{&quot;background_background&quot;:&quot;classic&quot;}\">\n\t\t\t\t<div class=\"elementor-element elementor-element-fb4c373 elementor-position-top elementor-widget elementor-widget-image-box\" data-id=\"fb4c373\" data-element_type=\"widget\" data-widget_type=\"image-box.default\">\n\t\t\t\t<div class=\"elementor-widget-container\">\n\t\t\t\t\t<div class=\"elementor-image-box-wrapper\"><figure class=\"elementor-image-box-img\"><a href=\"https:\/\/www.tractoare-solis.ro\/tractor\/tractor-solis-50-fara-cabina\/\" tabindex=\"-1\"><img fetchpriority=\"high\" decoding=\"async\" width=\"612\" height=\"408\" src=\"https:\/\/www.tractoare-solis.ro\/wp-content\/uploads\/2024\/08\/solis-50-euro5-traktor-26__1_-removebg-preview.png\" class=\"attachment-full size-full wp-image-15642\" alt=\"\" srcset=\"https:\/\/www.tractoare-solis.ro\/wp-content\/uploads\/2024\/08\/solis-50-euro5-traktor-26__1_-removebg-preview.png 612w, https:\/\/www.tractoare-solis.ro\/wp-content\/uploads\/2024\/08\/solis-50-euro5-traktor-26__1_-removebg-preview-300x200.png 300w, https:\/\/www.tractoare-solis.ro\/wp-content\/uploads\/2024\/08\/solis-50-euro5-traktor-26__1_-removebg-preview-18x12.png 18w, https:\/\/www.tractoare-solis.ro\/wp-content\/uploads\/2024\/08\/solis-50-euro5-traktor-26__1_-removebg-preview-600x400.png 600w\" sizes=\"(max-width: 612px) 100vw, 612px\" \/><\/a><\/figure><div class=\"elementor-image-box-content\"><h3 class=\"elementor-image-box-title\"><a href=\"https:\/\/www.tractoare-solis.ro\/tractor\/tractor-solis-50-fara-cabina\/\">Tractor Solis 50<\/a><\/h3><p class=\"elementor-image-box-description\">F\u0102R\u0102 CABIN\u0102<\/p><\/div><\/div>\t\t\t\t<\/div>\n\t\t\t\t<\/div>\n\t\t\t\t<\/div>\n\t\t<div class=\"elementor-element elementor-element-9b700d7 e-con-full e-flex e-con e-child\" data-id=\"9b700d7\" data-element_type=\"container\" data-settings=\"{&quot;background_background&quot;:&quot;classic&quot;}\">\n\t\t\t\t<div class=\"elementor-element elementor-element-dc41137 elementor-position-top elementor-widget elementor-widget-image-box\" data-id=\"dc41137\" data-element_type=\"widget\" data-widget_type=\"image-box.default\">\n\t\t\t\t<div class=\"elementor-widget-container\">\n\t\t\t\t\t<div class=\"elementor-image-box-wrapper\"><figure class=\"elementor-image-box-img\"><a href=\"https:\/\/www.tractoare-solis.ro\/tractor\/tractor-solis-50-cu-cabina\/\" tabindex=\"-1\"><img decoding=\"async\" width=\"800\" height=\"800\" src=\"https:\/\/www.tractoare-solis.ro\/wp-content\/uploads\/2024\/07\/tractor-solis-s50-cab-white-bg.webp\" class=\"attachment-full size-full wp-image-15273\" alt=\"\" srcset=\"https:\/\/www.tractoare-solis.ro\/wp-content\/uploads\/2024\/07\/tractor-solis-s50-cab-white-bg.webp 800w, https:\/\/www.tractoare-solis.ro\/wp-content\/uploads\/2024\/07\/tractor-solis-s50-cab-white-bg-300x300.webp 300w, https:\/\/www.tractoare-solis.ro\/wp-content\/uploads\/2024\/07\/tractor-solis-s50-cab-white-bg-150x150.webp 150w, https:\/\/www.tractoare-solis.ro\/wp-content\/uploads\/2024\/07\/tractor-solis-s50-cab-white-bg-768x768.webp 768w, https:\/\/www.tractoare-solis.ro\/wp-content\/uploads\/2024\/07\/tractor-solis-s50-cab-white-bg-370x370.webp 370w, https:\/\/www.tractoare-solis.ro\/wp-content\/uploads\/2024\/07\/tractor-solis-s50-cab-white-bg-60x60.webp 60w, https:\/\/www.tractoare-solis.ro\/wp-content\/uploads\/2024\/07\/tractor-solis-s50-cab-white-bg-600x600.webp 600w, https:\/\/www.tractoare-solis.ro\/wp-content\/uploads\/2024\/07\/tractor-solis-s50-cab-white-bg-100x100.webp 100w\" sizes=\"(max-width: 800px) 100vw, 800px\" \/><\/a><\/figure><div class=\"elementor-image-box-content\"><h3 class=\"elementor-image-box-title\"><a href=\"https:\/\/www.tractoare-solis.ro\/tractor\/tractor-solis-50-cu-cabina\/\">Tractor Solis 50<\/a><\/h3><p class=\"elementor-image-box-description\">CU CABIN\u0102<\/p><\/div><\/div>\t\t\t\t<\/div>\n\t\t\t\t<\/div>\n\t\t\t\t<\/div>\n\t\t\t\t<\/div>\n\t\t<div class=\"elementor-element elementor-element-7b173ee e-con-full e-grid elementor-hidden-desktop e-con e-parent\" data-id=\"7b173ee\" data-element_type=\"container\">\n\t\t<div class=\"elementor-element elementor-element-2cfe350 e-con-full e-flex e-con e-child\" data-id=\"2cfe350\" data-element_type=\"container\" data-settings=\"{&quot;background_background&quot;:&quot;classic&quot;}\">\n\t\t\t\t<div class=\"elementor-element elementor-element-2de694f elementor-widget__width-initial elementor-position-top elementor-widget elementor-widget-image-box\" data-id=\"2de694f\" data-element_type=\"widget\" data-widget_type=\"image-box.default\">\n\t\t\t\t<div class=\"elementor-widget-container\">\n\t\t\t\t\t<div class=\"elementor-image-box-wrapper\"><figure class=\"elementor-image-box-img\"><a href=\"https:\/\/www.tractoare-solis.ro\/tractor\/tractor-solis-60-crdi\/\" tabindex=\"-1\"><img decoding=\"async\" width=\"612\" height=\"408\" src=\"https:\/\/www.tractoare-solis.ro\/wp-content\/uploads\/2024\/08\/solis-60V-traktor-02-1__1_-removebg-preview.png\" class=\"attachment-full size-full wp-image-15643\" alt=\"\" srcset=\"https:\/\/www.tractoare-solis.ro\/wp-content\/uploads\/2024\/08\/solis-60V-traktor-02-1__1_-removebg-preview.png 612w, https:\/\/www.tractoare-solis.ro\/wp-content\/uploads\/2024\/08\/solis-60V-traktor-02-1__1_-removebg-preview-300x200.png 300w, https:\/\/www.tractoare-solis.ro\/wp-content\/uploads\/2024\/08\/solis-60V-traktor-02-1__1_-removebg-preview-18x12.png 18w, https:\/\/www.tractoare-solis.ro\/wp-content\/uploads\/2024\/08\/solis-60V-traktor-02-1__1_-removebg-preview-600x400.png 600w\" sizes=\"(max-width: 612px) 100vw, 612px\" \/><\/a><\/figure><div class=\"elementor-image-box-content\"><h3 class=\"elementor-image-box-title\"><a href=\"https:\/\/www.tractoare-solis.ro\/tractor\/tractor-solis-60-crdi\/\">Tractor Solis 60<\/a><\/h3><p class=\"elementor-image-box-description\">CU CABIN\u0102<\/p><\/div><\/div>\t\t\t\t<\/div>\n\t\t\t\t<\/div>\n\t\t\t\t<\/div>\n\t\t<div class=\"elementor-element elementor-element-b4e3276 e-con-full e-flex e-con e-child\" data-id=\"b4e3276\" data-element_type=\"container\" data-settings=\"{&quot;background_background&quot;:&quot;classic&quot;}\">\n\t\t\t\t<div class=\"elementor-element elementor-element-087b652 elementor-position-top elementor-widget elementor-widget-image-box\" data-id=\"087b652\" data-element_type=\"widget\" data-widget_type=\"image-box.default\">\n\t\t\t\t<div class=\"elementor-widget-container\">\n\t\t\t\t\t<div class=\"elementor-image-box-wrapper\"><figure class=\"elementor-image-box-img\"><a href=\"https:\/\/www.tractoare-solis.ro\/tractor\/tractor-solis-60-fara-cabina\/\" tabindex=\"-1\"><img loading=\"lazy\" decoding=\"async\" width=\"1024\" height=\"1024\" src=\"https:\/\/www.tractoare-solis.ro\/wp-content\/uploads\/2024\/08\/s-60-m.png\" class=\"attachment-full size-full wp-image-15583\" alt=\"\" srcset=\"https:\/\/www.tractoare-solis.ro\/wp-content\/uploads\/2024\/08\/s-60-m.png 1024w, https:\/\/www.tractoare-solis.ro\/wp-content\/uploads\/2024\/08\/s-60-m-300x300.png 300w, https:\/\/www.tractoare-solis.ro\/wp-content\/uploads\/2024\/08\/s-60-m-150x150.png 150w, https:\/\/www.tractoare-solis.ro\/wp-content\/uploads\/2024\/08\/s-60-m-768x768.png 768w, https:\/\/www.tractoare-solis.ro\/wp-content\/uploads\/2024\/08\/s-60-m-370x370.png 370w, https:\/\/www.tractoare-solis.ro\/wp-content\/uploads\/2024\/08\/s-60-m-60x60.png 60w, https:\/\/www.tractoare-solis.ro\/wp-content\/uploads\/2024\/08\/s-60-m-600x600.png 600w, https:\/\/www.tractoare-solis.ro\/wp-content\/uploads\/2024\/08\/s-60-m-100x100.png 100w\" sizes=\"(max-width: 1024px) 100vw, 1024px\" \/><\/a><\/figure><div class=\"elementor-image-box-content\"><h3 class=\"elementor-image-box-title\"><a href=\"https:\/\/www.tractoare-solis.ro\/tractor\/tractor-solis-60-fara-cabina\/\">Tractor Solis 60<\/a><\/h3><p class=\"elementor-image-box-description\">F\u0102R\u0102 CABIN\u0102<\/p><\/div><\/div>\t\t\t\t<\/div>\n\t\t\t\t<\/div>\n\t\t\t\t<\/div>\n\t\t<div class=\"elementor-element elementor-element-08582d6 e-con-full e-flex e-con e-child\" data-id=\"08582d6\" data-element_type=\"container\" data-settings=\"{&quot;background_background&quot;:&quot;classic&quot;}\">\n\t\t\t\t<div class=\"elementor-element elementor-element-5d16b0b elementor-position-top elementor-widget elementor-widget-image-box\" data-id=\"5d16b0b\" data-element_type=\"widget\" data-widget_type=\"image-box.default\">\n\t\t\t\t<div class=\"elementor-widget-container\">\n\t\t\t\t\t<div class=\"elementor-image-box-wrapper\"><figure class=\"elementor-image-box-img\"><a href=\"https:\/\/www.tractoare-solis.ro\/tractor\/tractor-solis-75-crdi\/\" tabindex=\"-1\"><img loading=\"lazy\" decoding=\"async\" width=\"612\" height=\"408\" src=\"https:\/\/www.tractoare-solis.ro\/wp-content\/uploads\/2024\/08\/solis-75V-Kabine-traktor-02__1_-removebg-preview.png\" class=\"attachment-full size-full wp-image-15648\" alt=\"\" srcset=\"https:\/\/www.tractoare-solis.ro\/wp-content\/uploads\/2024\/08\/solis-75V-Kabine-traktor-02__1_-removebg-preview.png 612w, https:\/\/www.tractoare-solis.ro\/wp-content\/uploads\/2024\/08\/solis-75V-Kabine-traktor-02__1_-removebg-preview-300x200.png 300w, https:\/\/www.tractoare-solis.ro\/wp-content\/uploads\/2024\/08\/solis-75V-Kabine-traktor-02__1_-removebg-preview-18x12.png 18w, https:\/\/www.tractoare-solis.ro\/wp-content\/uploads\/2024\/08\/solis-75V-Kabine-traktor-02__1_-removebg-preview-600x400.png 600w\" sizes=\"(max-width: 612px) 100vw, 612px\" \/><\/a><\/figure><div class=\"elementor-image-box-content\"><h3 class=\"elementor-image-box-title\"><a href=\"https:\/\/www.tractoare-solis.ro\/tractor\/tractor-solis-75-crdi\/\">Tractor Solis 75<\/a><\/h3><\/div><\/div>\t\t\t\t<\/div>\n\t\t\t\t<\/div>\n\t\t\t\t<\/div>\n\t\t\t\t<\/div>\n\t\t<div class=\"elementor-element elementor-element-d35ec3b e-con-full e-grid elementor-hidden-desktop e-con e-parent\" data-id=\"d35ec3b\" data-element_type=\"container\">\n\t\t<div class=\"elementor-element elementor-element-f7927d1 e-con-full e-flex e-con e-child\" data-id=\"f7927d1\" data-element_type=\"container\" data-settings=\"{&quot;background_background&quot;:&quot;classic&quot;}\">\n\t\t\t\t<div class=\"elementor-element elementor-element-ac64950 elementor-widget__width-initial elementor-position-top elementor-widget elementor-widget-image-box\" data-id=\"ac64950\" data-element_type=\"widget\" data-widget_type=\"image-box.default\">\n\t\t\t\t<div class=\"elementor-widget-container\">\n\t\t\t\t\t<div class=\"elementor-image-box-wrapper\"><figure class=\"elementor-image-box-img\"><a href=\"https:\/\/www.tractoare-solis.ro\/tractor\/tractor-solis-90-crdi\/\" tabindex=\"-1\"><img loading=\"lazy\" decoding=\"async\" width=\"1024\" height=\"1024\" src=\"https:\/\/www.tractoare-solis.ro\/wp-content\/uploads\/2024\/07\/S-90_3-min-2.png\" class=\"attachment-full size-full wp-image-15259\" alt=\"\" srcset=\"https:\/\/www.tractoare-solis.ro\/wp-content\/uploads\/2024\/07\/S-90_3-min-2.png 1024w, https:\/\/www.tractoare-solis.ro\/wp-content\/uploads\/2024\/07\/S-90_3-min-2-300x300.png 300w, https:\/\/www.tractoare-solis.ro\/wp-content\/uploads\/2024\/07\/S-90_3-min-2-150x150.png 150w, https:\/\/www.tractoare-solis.ro\/wp-content\/uploads\/2024\/07\/S-90_3-min-2-768x768.png 768w, https:\/\/www.tractoare-solis.ro\/wp-content\/uploads\/2024\/07\/S-90_3-min-2-370x370.png 370w, https:\/\/www.tractoare-solis.ro\/wp-content\/uploads\/2024\/07\/S-90_3-min-2-60x60.png 60w, https:\/\/www.tractoare-solis.ro\/wp-content\/uploads\/2024\/07\/S-90_3-min-2-600x600.png 600w, https:\/\/www.tractoare-solis.ro\/wp-content\/uploads\/2024\/07\/S-90_3-min-2-100x100.png 100w\" sizes=\"(max-width: 1024px) 100vw, 1024px\" \/><\/a><\/figure><div class=\"elementor-image-box-content\"><h3 class=\"elementor-image-box-title\"><a href=\"https:\/\/www.tractoare-solis.ro\/tractor\/tractor-solis-90-crdi\/\">Tractor Solis 90<\/a><\/h3><\/div><\/div>\t\t\t\t<\/div>\n\t\t\t\t<\/div>\n\t\t\t\t<\/div>\n\t\t\t\t<\/div>\n\t\t\t\t<\/div>","protected":false},"excerpt":{"rendered":"<p>Tractor Solis 50 F\u0102R\u0102 CABIN\u0102 Tractor Solis 50 CU CABIN\u0102 Tractor Solis 60 CU CABIN\u0102 Tractor Solis 60 F\u0102R\u0102 CABIN\u0102 Tractor Solis 75 Tractor Solis 90 Tractor Solis 50 F\u0102R\u0102 CABIN\u0102 Tractor Solis 50 CU CABIN\u0102 Tractor Solis 60 CU CABIN\u0102 Tractor Solis 60 F\u0102R\u0102 CABIN\u0102 Tractor Solis 75 Tractor<\/p>","protected":false},"author":1,"featured_media":0,"parent":0,"menu_order":0,"comment_status":"closed","ping_status":"closed","template":"","meta":{"inline_featured_image":false,"footnotes":""},"class_list":["post-15678","page","type-page","status-publish","hentry"],"jetpack_sharing_enabled":true,"_links":{"self":[{"href":"https:\/\/www.tractoare-solis.ro\/en\/wp-json\/wp\/v2\/pages\/15678","targetHints":{"allow":["GET"]}}],"collection":[{"href":"https:\/\/www.tractoare-solis.ro\/en\/wp-json\/wp\/v2\/pages"}],"about":[{"href":"https:\/\/www.tractoare-solis.ro\/en\/wp-json\/wp\/v2\/types\/page"}],"author":[{"embeddable":true,"href":"https:\/\/www.tractoare-solis.ro\/en\/wp-json\/wp\/v2\/users\/1"}],"replies":[{"embeddable":true,"href":"https:\/\/www.tractoare-solis.ro\/en\/wp-json\/wp\/v2\/comments?post=15678"}],"version-history":[{"count":0,"href":"https:\/\/www.tractoare-solis.ro\/en\/wp-json\/wp\/v2\/pages\/15678\/revisions"}],"wp:attachment":[{"href":"https:\/\/www.tractoare-solis.ro\/en\/wp-json\/wp\/v2\/media?parent=15678"}],"curies":[{"name":"wp","href":"https:\/\/api.w.org\/{rel}","templated":true}]}}